{"id":640,"date":"2016-08-23T14:27:44","date_gmt":"2016-08-23T12:27:44","guid":{"rendered":"http:\/\/www.photoboxopen.de\/burgholz\/?page_id=640"},"modified":"2019-02-06T18:01:54","modified_gmt":"2019-02-06T17:01:54","slug":"anfahrt-burgholz","status":"publish","type":"page","link":"http:\/\/www.burgholz-spielwaren.de\/?page_id=640","title":{"rendered":"Anfahrt zu Burgholz Spiel &amp; Freizeit"},"content":{"rendered":"<h1>So finden Sie zu uns<\/h1>\n<h2>Parken in Greven<\/h2>\n<p>Einfache Anfahrt zu Burgholz Spiel &amp; Freizeit. In der Grevener Innenstadt stehen \u00fcber 1.100 \u00f6ffentliche\u00a0Parkpl\u00e4tze zur Verf\u00fcgung. Ab dem 1. Mai ist das Parken\u00a0in Greven teilweise geb\u00fchrenpflichtig. 350 Parkpl\u00e4tze\u00a0bleiben geb\u00fchrenfrei, f\u00fcr 800 Parkpl\u00e4tze werden zu\u00a0bestimmten Zeiten Geb\u00fchren erhoben.<\/p>\n<h2>Parken f\u00fcr Menschen mit Behinderung<\/h2>\n<p>Personen, die einen Schwerbehindertenausweis mit der Angabe &#8222;aG&#8220; haben, parken auf allen Parkpl\u00e4tzen kostenfrei. Um das Parkdeck An der Martinischule kostenfrei nutzen zu k\u00f6nnen, ist eine elektronische Karte erforderlich.<\/p>\n<p><a href=\"https:\/\/www.greven.net\/stadtinfo_wirtschaft\/stadtinfo\/stadtplan_verkehr\/parkplaetze.php#chapter147080100000002977-1015_sp_main_iterate_0_0\" target=\"_blank\" rel=\"noopener\">weitere Informationen der Stadt Greven<\/a><\/p>\n<p>\t\t\t\t<img decoding=\"async\" src=\"http:\/\/www.burgholz-spielwaren.de\/wp-content\/uploads\/2019\/01\/471x353.pm0_.bgFFFFFF.jpg\" alt=\"471x353.pm0_.bgFFFFFF\" itemprop=\"image\"  \/><\/p>\n<h1>Parkpl\u00e4tze in Greven<\/h1>\n<h2><strong>Wilhelmplatz<\/strong><\/h2>\n<p>Anfahrt \u00fcber Kardinal-von-Galen-Stra\u00dfe<br \/>1 Minute Fu\u00dfweg in die City<br \/>125 Stellpl\u00e4tze<\/p>\n<table border=\"0\">\n<tbody>\n<tr>\n<td>Kurzparker:<\/td>\n<td>15 Min. = frei<\/td>\n<\/tr>\n<tr>\n<td>15 Min. &#8211; 4 Std.<\/td>\n<td>1 Euro<\/td>\n<\/tr>\n<tr>\n<td>je weitere Std.<\/td>\n<td>1 Euro<\/td>\n<\/tr>\n<tr>\n<td>Tagesh\u00f6chstsatz<\/td>\n<td>4 Euro<\/td>\n<\/tr>\n<\/tbody>\n<\/table>\n<h2><strong>Parkdeck an der Martinischule<\/strong><\/h2>\n<p>Anfahrt \u00fcber K\u00f6nigstra\u00dfe oder Rathausstra\u00dfe<br \/>1 Minute Fu\u00dfweg in die City<br \/>266 Stellpl\u00e4tze<\/p>\n<table border=\"0\">\n<thead><\/thead>\n<tbody>\n<tr>\n<td>Parken<\/td>\n<td>1 Euro\/Std.<\/td>\n<\/tr>\n<tr>\n<td>Abrechnung<\/td>\n<td>halbst\u00fcndlich<\/td>\n<\/tr>\n<tr>\n<td>Tagesh\u00f6chstsatz<\/td>\n<td>4 Euro<\/td>\n<\/tr>\n<\/tbody>\n<\/table>\n","protected":false},"excerpt":{"rendered":"<p>So finden Sie zu uns Parken in Greven Einfache Anfahrt zu Burgholz Spiel &amp; Freizeit. In der Grevener Innenstadt stehen \u00fcber 1.100 \u00f6ffentliche\u00a0Parkpl\u00e4tze zur Verf\u00fcgung. Ab dem 1. Mai ist das Parken\u00a0in Greven teilweise geb\u00fchrenpflichtig. 350 Parkpl\u00e4tze\u00a0bleiben geb\u00fchrenfrei, f\u00fcr 800 &hellip;<\/p>\n","protected":false},"author":1,"featured_media":0,"parent":0,"menu_order":0,"comment_status":"closed","ping_status":"closed","template":"","meta":{"footnotes":""},"yoast_head":"<!-- This site is optimized with the Yoast SEO plugin v23.5 - https:\/\/yoast.com\/wordpress\/plugins\/seo\/ -->\n<title>Anfahrt zu Burgholz Spiel &amp; Freizeit - Burgholz<\/title>\n<meta name=\"robots\" content=\"index, follow, max-snippet:-1, max-image-preview:large, max-video-preview:-1\" \/>\n<link rel=\"canonical\" href=\"http:\/\/www.burgholz-spielwaren.de\/?page_id=640\" \/>\n<meta property=\"og:locale\" content=\"de_DE\" \/>\n<meta property=\"og:type\" content=\"article\" \/>\n<meta property=\"og:title\" content=\"Anfahrt zu Burgholz Spiel &amp; Freizeit - Burgholz\" \/>\n<meta property=\"og:description\" content=\"So finden Sie zu uns Parken in Greven Einfache Anfahrt zu Burgholz Spiel &amp; Freizeit. In der Grevener Innenstadt stehen \u00fcber 1.100 \u00f6ffentliche\u00a0Parkpl\u00e4tze zur Verf\u00fcgung. Ab dem 1. Mai ist das Parken\u00a0in Greven teilweise geb\u00fchrenpflichtig. 350 Parkpl\u00e4tze\u00a0bleiben geb\u00fchrenfrei, f\u00fcr 800 &hellip;\" \/>\n<meta property=\"og:url\" content=\"http:\/\/www.burgholz-spielwaren.de\/?page_id=640\" \/>\n<meta property=\"og:site_name\" content=\"Burgholz\" \/>\n<meta property=\"article:modified_time\" content=\"2019-02-06T17:01:54+00:00\" \/>\n<meta property=\"og:image\" content=\"http:\/\/www.burgholz-spielwaren.de\/wp-content\/uploads\/2019\/01\/471x353.pm0_.bgFFFFFF.jpg\" \/>\n<meta name=\"twitter:card\" content=\"summary_large_image\" \/>\n<meta name=\"twitter:label1\" content=\"Gesch\u00e4tzte Lesezeit\" \/>\n\t<meta name=\"twitter:data1\" content=\"1\u00a0Minute\" \/>\n<script type=\"application\/ld+json\" class=\"yoast-schema-graph\">{\"@context\":\"https:\/\/schema.org\",\"@graph\":[{\"@type\":\"WebPage\",\"@id\":\"http:\/\/www.burgholz-spielwaren.de\/?page_id=640\",\"url\":\"http:\/\/www.burgholz-spielwaren.de\/?page_id=640\",\"name\":\"Anfahrt zu Burgholz Spiel &amp; Freizeit - Burgholz\",\"isPartOf\":{\"@id\":\"https:\/\/www.burgholz-spielwaren.de\/#website\"},\"primaryImageOfPage\":{\"@id\":\"http:\/\/www.burgholz-spielwaren.de\/?page_id=640#primaryimage\"},\"image\":{\"@id\":\"http:\/\/www.burgholz-spielwaren.de\/?page_id=640#primaryimage\"},\"thumbnailUrl\":\"http:\/\/www.burgholz-spielwaren.de\/wp-content\/uploads\/2019\/01\/471x353.pm0_.bgFFFFFF.jpg\",\"datePublished\":\"2016-08-23T12:27:44+00:00\",\"dateModified\":\"2019-02-06T17:01:54+00:00\",\"breadcrumb\":{\"@id\":\"http:\/\/www.burgholz-spielwaren.de\/?page_id=640#breadcrumb\"},\"inLanguage\":\"de\",\"potentialAction\":[{\"@type\":\"ReadAction\",\"target\":[\"http:\/\/www.burgholz-spielwaren.de\/?page_id=640\"]}]},{\"@type\":\"ImageObject\",\"inLanguage\":\"de\",\"@id\":\"http:\/\/www.burgholz-spielwaren.de\/?page_id=640#primaryimage\",\"url\":\"https:\/\/www.burgholz-spielwaren.de\/wp-content\/uploads\/2019\/01\/471x353.pm0_.bgFFFFFF.jpg\",\"contentUrl\":\"https:\/\/www.burgholz-spielwaren.de\/wp-content\/uploads\/2019\/01\/471x353.pm0_.bgFFFFFF.jpg\",\"width\":471,\"height\":353},{\"@type\":\"BreadcrumbList\",\"@id\":\"http:\/\/www.burgholz-spielwaren.de\/?page_id=640#breadcrumb\",\"itemListElement\":[{\"@type\":\"ListItem\",\"position\":1,\"name\":\"Startseite\",\"item\":\"https:\/\/www.burgholz-spielwaren.de\/\"},{\"@type\":\"ListItem\",\"position\":2,\"name\":\"Anfahrt zu Burgholz Spiel &amp; Freizeit\"}]},{\"@type\":\"WebSite\",\"@id\":\"https:\/\/www.burgholz-spielwaren.de\/#website\",\"url\":\"https:\/\/www.burgholz-spielwaren.de\/\",\"name\":\"Burgholz Spiel & Freizeit\",\"description\":\"Spiel- &amp; Freizeit, Lederwaren,\",\"publisher\":{\"@id\":\"https:\/\/www.burgholz-spielwaren.de\/#organization\"},\"potentialAction\":[{\"@type\":\"SearchAction\",\"target\":{\"@type\":\"EntryPoint\",\"urlTemplate\":\"https:\/\/www.burgholz-spielwaren.de\/?s={search_term_string}\"},\"query-input\":{\"@type\":\"PropertyValueSpecification\",\"valueRequired\":true,\"valueName\":\"search_term_string\"}}],\"inLanguage\":\"de\"},{\"@type\":\"Organization\",\"@id\":\"https:\/\/www.burgholz-spielwaren.de\/#organization\",\"name\":\"Burgholz Spiel & Freizeit\",\"url\":\"https:\/\/www.burgholz-spielwaren.de\/\",\"logo\":{\"@type\":\"ImageObject\",\"inLanguage\":\"de\",\"@id\":\"https:\/\/www.burgholz-spielwaren.de\/#\/schema\/logo\/image\/\",\"url\":\"http:\/\/www.burgholz-spielwaren.de\/wp-content\/uploads\/2019\/01\/logotop.jpg\",\"contentUrl\":\"http:\/\/www.burgholz-spielwaren.de\/wp-content\/uploads\/2019\/01\/logotop.jpg\",\"width\":309,\"height\":89,\"caption\":\"Burgholz Spiel & Freizeit\"},\"image\":{\"@id\":\"https:\/\/www.burgholz-spielwaren.de\/#\/schema\/logo\/image\/\"}}]}<\/script>\n<!-- \/ Yoast SEO plugin. -->","yoast_head_json":{"title":"Anfahrt zu Burgholz Spiel &amp; Freizeit - Burgholz","robots":{"index":"index","follow":"follow","max-snippet":"max-snippet:-1","max-image-preview":"max-image-preview:large","max-video-preview":"max-video-preview:-1"},"canonical":"http:\/\/www.burgholz-spielwaren.de\/?page_id=640","og_locale":"de_DE","og_type":"article","og_title":"Anfahrt zu Burgholz Spiel &amp; Freizeit - Burgholz","og_description":"So finden Sie zu uns Parken in Greven Einfache Anfahrt zu Burgholz Spiel &amp; Freizeit. In der Grevener Innenstadt stehen \u00fcber 1.100 \u00f6ffentliche\u00a0Parkpl\u00e4tze zur Verf\u00fcgung. Ab dem 1. Mai ist das Parken\u00a0in Greven teilweise geb\u00fchrenpflichtig. 350 Parkpl\u00e4tze\u00a0bleiben geb\u00fchrenfrei, f\u00fcr 800 &hellip;","og_url":"http:\/\/www.burgholz-spielwaren.de\/?page_id=640","og_site_name":"Burgholz","article_modified_time":"2019-02-06T17:01:54+00:00","og_image":[{"url":"http:\/\/www.burgholz-spielwaren.de\/wp-content\/uploads\/2019\/01\/471x353.pm0_.bgFFFFFF.jpg"}],"twitter_card":"summary_large_image","twitter_misc":{"Gesch\u00e4tzte Lesezeit":"1\u00a0Minute"},"schema":{"@context":"https:\/\/schema.org","@graph":[{"@type":"WebPage","@id":"http:\/\/www.burgholz-spielwaren.de\/?page_id=640","url":"http:\/\/www.burgholz-spielwaren.de\/?page_id=640","name":"Anfahrt zu Burgholz Spiel &amp; Freizeit - Burgholz","isPartOf":{"@id":"https:\/\/www.burgholz-spielwaren.de\/#website"},"primaryImageOfPage":{"@id":"http:\/\/www.burgholz-spielwaren.de\/?page_id=640#primaryimage"},"image":{"@id":"http:\/\/www.burgholz-spielwaren.de\/?page_id=640#primaryimage"},"thumbnailUrl":"http:\/\/www.burgholz-spielwaren.de\/wp-content\/uploads\/2019\/01\/471x353.pm0_.bgFFFFFF.jpg","datePublished":"2016-08-23T12:27:44+00:00","dateModified":"2019-02-06T17:01:54+00:00","breadcrumb":{"@id":"http:\/\/www.burgholz-spielwaren.de\/?page_id=640#breadcrumb"},"inLanguage":"de","potentialAction":[{"@type":"ReadAction","target":["http:\/\/www.burgholz-spielwaren.de\/?page_id=640"]}]},{"@type":"ImageObject","inLanguage":"de","@id":"http:\/\/www.burgholz-spielwaren.de\/?page_id=640#primaryimage","url":"https:\/\/www.burgholz-spielwaren.de\/wp-content\/uploads\/2019\/01\/471x353.pm0_.bgFFFFFF.jpg","contentUrl":"https:\/\/www.burgholz-spielwaren.de\/wp-content\/uploads\/2019\/01\/471x353.pm0_.bgFFFFFF.jpg","width":471,"height":353},{"@type":"BreadcrumbList","@id":"http:\/\/www.burgholz-spielwaren.de\/?page_id=640#breadcrumb","itemListElement":[{"@type":"ListItem","position":1,"name":"Startseite","item":"https:\/\/www.burgholz-spielwaren.de\/"},{"@type":"ListItem","position":2,"name":"Anfahrt zu Burgholz Spiel &amp; Freizeit"}]},{"@type":"WebSite","@id":"https:\/\/www.burgholz-spielwaren.de\/#website","url":"https:\/\/www.burgholz-spielwaren.de\/","name":"Burgholz Spiel & Freizeit","description":"Spiel- &amp; Freizeit, Lederwaren,","publisher":{"@id":"https:\/\/www.burgholz-spielwaren.de\/#organization"},"potentialAction":[{"@type":"SearchAction","target":{"@type":"EntryPoint","urlTemplate":"https:\/\/www.burgholz-spielwaren.de\/?s={search_term_string}"},"query-input":{"@type":"PropertyValueSpecification","valueRequired":true,"valueName":"search_term_string"}}],"inLanguage":"de"},{"@type":"Organization","@id":"https:\/\/www.burgholz-spielwaren.de\/#organization","name":"Burgholz Spiel & Freizeit","url":"https:\/\/www.burgholz-spielwaren.de\/","logo":{"@type":"ImageObject","inLanguage":"de","@id":"https:\/\/www.burgholz-spielwaren.de\/#\/schema\/logo\/image\/","url":"http:\/\/www.burgholz-spielwaren.de\/wp-content\/uploads\/2019\/01\/logotop.jpg","contentUrl":"http:\/\/www.burgholz-spielwaren.de\/wp-content\/uploads\/2019\/01\/logotop.jpg","width":309,"height":89,"caption":"Burgholz Spiel & Freizeit"},"image":{"@id":"https:\/\/www.burgholz-spielwaren.de\/#\/schema\/logo\/image\/"}}]}},"_links":{"self":[{"href":"http:\/\/www.burgholz-spielwaren.de\/index.php?rest_route=\/wp\/v2\/pages\/640"}],"collection":[{"href":"http:\/\/www.burgholz-spielwaren.de\/index.php?rest_route=\/wp\/v2\/pages"}],"about":[{"href":"http:\/\/www.burgholz-spielwaren.de\/index.php?rest_route=\/wp\/v2\/types\/page"}],"author":[{"embeddable":true,"href":"http:\/\/www.burgholz-spielwaren.de\/index.php?rest_route=\/wp\/v2\/users\/1"}],"replies":[{"embeddable":true,"href":"http:\/\/www.burgholz-spielwaren.de\/index.php?rest_route=%2Fwp%2Fv2%2Fcomments&post=640"}],"version-history":[{"count":3,"href":"http:\/\/www.burgholz-spielwaren.de\/index.php?rest_route=\/wp\/v2\/pages\/640\/revisions"}],"predecessor-version":[{"id":1033,"href":"http:\/\/www.burgholz-spielwaren.de\/index.php?rest_route=\/wp\/v2\/pages\/640\/revisions\/1033"}],"wp:attachment":[{"href":"http:\/\/www.burgholz-spielwaren.de\/index.php?rest_route=%2Fwp%2Fv2%2Fmedia&parent=640"}],"curies":[{"name":"wp","href":"https:\/\/api.w.org\/{rel}","templated":true}]}}