{"id":37,"date":"2016-07-13T12:12:52","date_gmt":"2016-07-13T10:12:52","guid":{"rendered":"http:\/\/localhost:8888\/burgholz\/?page_id=37"},"modified":"2023-04-04T00:15:33","modified_gmt":"2023-04-03T22:15:33","slug":"spielwaren-lederwaren-und-reisegepaeck-in-greven","status":"publish","type":"page","link":"https:\/\/www.burgholz-spielwaren.de\/","title":{"rendered":"Spielwaren, Lederwaren und Reisegep\u00e4ck in Greven"},"content":{"rendered":"<h2>Entdeckt die neue STEPBYEP Kollektion 2023. Gro\u00dfe Auswahl an Schulranzen und Zubeh\u00f6r!<\/h2>\n<p>\t\t\t\t<img decoding=\"async\" src=\"https:\/\/www.burgholz-spielwaren.de\/wp-content\/uploads\/2023\/03\/SbS_Onlinebanner_1000x250_Kinderbunte_Leichtigkeit.jpg\" alt=\"SbS_Onlinebanner_1000x250_Kinderbunte_Leichtigkeit\" itemprop=\"image\"  \/><br \/>\n\t\t\t\t<img decoding=\"async\" src=\"https:\/\/www.burgholz-spielwaren.de\/wp-content\/uploads\/2019\/01\/tonies-500x128.png\" alt=\"tonies-500x128\" itemprop=\"image\"  \/><\/p>\n<h1 style=\"text-align: left;\">Die Welt der Tonies ist <em>bunt<\/em> und vielf\u00e4ltig<\/h1>\n<div style=\"width: 640px;\" class=\"wp-video\"><!--[if lt IE 9]><script>document.createElement('video');<\/script><![endif]-->\n<video class=\"wp-video-shortcode\" id=\"video-37-1\" width=\"640\" height=\"360\" preload=\"metadata\" controls=\"controls\"><source type=\"video\/mp4\" src=\"http:\/\/www.burgholz-spielwaren.de\/wp-content\/uploads\/2019\/01\/toniebox.mp4?_=1\" \/><a href=\"http:\/\/www.burgholz-spielwaren.de\/wp-content\/uploads\/2019\/01\/toniebox.mp4\">http:\/\/www.burgholz-spielwaren.de\/wp-content\/uploads\/2019\/01\/toniebox.mp4<\/a><\/video><\/div>\n<h1 style=\"text-align: center;\">Der Schulrucksack f\u00fcr die weiterf\u00fchrende Schule<\/h1>\n<h1>Ergonomie inklusive<\/h1>\n<p style=\"text-align: justify;\">Wenn der Wechsel auf die weiterf\u00fchrende Schule n\u00e4her r\u00fcckt, wird es schnell klar: Die Zeit f\u00fcr einen neuen Rucksack oder Schulranzen ist gekommen, denn es muss sehr viel mehr Schulmaterial von A nach B getragen werden.<\/p>\n<p style=\"text-align: justify;\">Das ist h\u00e4ufig schweres Gep\u00e4ck! Ein ergonomisches Tragesystem f\u00fcr Schulrucks\u00e4ce, dass das Gewicht optimal transportierbar macht, kann Schultern und R\u00fccken entlasten.<\/p>\n<p style=\"text-align: justify;\">Dabei bietet der satch-Schulrucksack ein gut durchdachtes Gesamtpaket aus Stauraum, den Vorteilen eines Trekkingrucksacks und coolen Designs.<\/p>\n<p style=\"text-align: justify;\">Wenn der Wechsel auf die weiterf\u00fchrende Schule n\u00e4her r\u00fcckt, wird es schnell klar: Die Zeit f\u00fcr einen neuen Rucksack oder Schulranzen ist gekommen, denn es muss sehr viel mehr Schulmaterial von A nach B getragen werden. Das ist h\u00e4ufig schweres Gep\u00e4ck!<\/p>\n<p style=\"text-align: justify;\">Alle satch-Schulrucks\u00e4cke kombinieren das Ergonomiekonzept innovativer Trekking-Rucks\u00e4cke mit all dem, was eine Schultasche leisten muss.<\/p>\n<p style=\"text-align: justify;\">Dank breiter Beckenflossen wird das Gewicht von den Schultern auf den stabileren Beckenbereich verlagert.<\/p>\n<p style=\"text-align: justify;\">Es gibt vier Modelle zu entdecken: Den Klassiker satch pack, den Ganztagsbegleiter satch match, den fliegenleichten satch air sowie den schlanken Schulbegleiter: satch sleek.<\/p>\n","protected":false},"excerpt":{"rendered":"<p>Entdeckt die neue STEPBYEP Kollektion 2023. Gro\u00dfe Auswahl an Schulranzen und Zubeh\u00f6r! Die Welt der Tonies ist bunt und vielf\u00e4ltig Der Schulrucksack f\u00fcr die weiterf\u00fchrende Schule Ergonomie inklusive Wenn der Wechsel auf die weiterf\u00fchrende Schule n\u00e4her r\u00fcckt, wird es schnell &hellip;<\/p>\n","protected":false},"author":6,"featured_media":0,"parent":0,"menu_order":0,"comment_status":"closed","ping_status":"closed","template":"","meta":{"footnotes":""},"yoast_head":"<!-- This site is optimized with the Yoast SEO plugin v23.5 - https:\/\/yoast.com\/wordpress\/plugins\/seo\/ -->\n<title>Spielwaren, Lederwaren und Reisegep\u00e4ck in Greven<\/title>\n<meta name=\"description\" content=\"Spielzeugwaren mit 150 Jahren Tradition Bei uns finden Sie hochwertige Lederwaren von aunts&amp;uncles und Reisegep\u00e4ck von RIMOWA, reisenthel\" \/>\n<meta name=\"robots\" content=\"index, follow, max-snippet:-1, max-image-preview:large, max-video-preview:-1\" \/>\n<link rel=\"canonical\" href=\"https:\/\/www.burgholz-spielwaren.de\/\" \/>\n<meta property=\"og:locale\" content=\"de_DE\" \/>\n<meta property=\"og:type\" content=\"article\" \/>\n<meta property=\"og:title\" content=\"Spielwaren, Lederwaren und Reisegep\u00e4ck in Greven\" \/>\n<meta property=\"og:description\" content=\"Spielzeugwaren mit 150 Jahren Tradition Bei uns finden Sie hochwertige Lederwaren von aunts&amp;uncles und Reisegep\u00e4ck von RIMOWA, reisenthel\" \/>\n<meta property=\"og:url\" content=\"https:\/\/www.burgholz-spielwaren.de\/\" \/>\n<meta property=\"og:site_name\" content=\"Burgholz\" \/>\n<meta property=\"article:modified_time\" content=\"2023-04-03T22:15:33+00:00\" \/>\n<meta property=\"og:image\" content=\"https:\/\/www.burgholz-spielwaren.de\/wp-content\/uploads\/2023\/03\/SbS_Onlinebanner_1000x250_Kinderbunte_Leichtigkeit.jpg\" \/>\n<meta name=\"twitter:card\" content=\"summary_large_image\" \/>\n<meta name=\"twitter:label1\" content=\"Gesch\u00e4tzte Lesezeit\" \/>\n\t<meta name=\"twitter:data1\" content=\"2\u00a0Minuten\" \/>\n<script type=\"application\/ld+json\" class=\"yoast-schema-graph\">{\"@context\":\"https:\/\/schema.org\",\"@graph\":[{\"@type\":\"WebPage\",\"@id\":\"https:\/\/www.burgholz-spielwaren.de\/\",\"url\":\"https:\/\/www.burgholz-spielwaren.de\/\",\"name\":\"Spielwaren, Lederwaren und Reisegep\u00e4ck in Greven\",\"isPartOf\":{\"@id\":\"https:\/\/www.burgholz-spielwaren.de\/#website\"},\"primaryImageOfPage\":{\"@id\":\"https:\/\/www.burgholz-spielwaren.de\/#primaryimage\"},\"image\":{\"@id\":\"https:\/\/www.burgholz-spielwaren.de\/#primaryimage\"},\"thumbnailUrl\":\"https:\/\/www.burgholz-spielwaren.de\/wp-content\/uploads\/2023\/03\/SbS_Onlinebanner_1000x250_Kinderbunte_Leichtigkeit.jpg\",\"datePublished\":\"2016-07-13T10:12:52+00:00\",\"dateModified\":\"2023-04-03T22:15:33+00:00\",\"description\":\"Spielzeugwaren mit 150 Jahren Tradition Bei uns finden Sie hochwertige Lederwaren von aunts&uncles und Reisegep\u00e4ck von RIMOWA, reisenthel\",\"breadcrumb\":{\"@id\":\"https:\/\/www.burgholz-spielwaren.de\/#breadcrumb\"},\"inLanguage\":\"de\",\"potentialAction\":[{\"@type\":\"ReadAction\",\"target\":[\"https:\/\/www.burgholz-spielwaren.de\/\"]}]},{\"@type\":\"ImageObject\",\"inLanguage\":\"de\",\"@id\":\"https:\/\/www.burgholz-spielwaren.de\/#primaryimage\",\"url\":\"https:\/\/www.burgholz-spielwaren.de\/wp-content\/uploads\/2023\/03\/SbS_Onlinebanner_1000x250_Kinderbunte_Leichtigkeit.jpg\",\"contentUrl\":\"https:\/\/www.burgholz-spielwaren.de\/wp-content\/uploads\/2023\/03\/SbS_Onlinebanner_1000x250_Kinderbunte_Leichtigkeit.jpg\",\"width\":1000,\"height\":250},{\"@type\":\"BreadcrumbList\",\"@id\":\"https:\/\/www.burgholz-spielwaren.de\/#breadcrumb\",\"itemListElement\":[{\"@type\":\"ListItem\",\"position\":1,\"name\":\"Startseite\",\"item\":\"https:\/\/www.burgholz-spielwaren.de\/\"},{\"@type\":\"ListItem\",\"position\":2,\"name\":\"Spielwaren, Lederwaren und Reisegep\u00e4ck in Greven\"}]},{\"@type\":\"WebSite\",\"@id\":\"https:\/\/www.burgholz-spielwaren.de\/#website\",\"url\":\"https:\/\/www.burgholz-spielwaren.de\/\",\"name\":\"Burgholz Spiel & Freizeit\",\"description\":\"Spiel- &amp; Freizeit, Lederwaren,\",\"publisher\":{\"@id\":\"https:\/\/www.burgholz-spielwaren.de\/#organization\"},\"potentialAction\":[{\"@type\":\"SearchAction\",\"target\":{\"@type\":\"EntryPoint\",\"urlTemplate\":\"https:\/\/www.burgholz-spielwaren.de\/?s={search_term_string}\"},\"query-input\":{\"@type\":\"PropertyValueSpecification\",\"valueRequired\":true,\"valueName\":\"search_term_string\"}}],\"inLanguage\":\"de\"},{\"@type\":\"Organization\",\"@id\":\"https:\/\/www.burgholz-spielwaren.de\/#organization\",\"name\":\"Burgholz Spiel & Freizeit\",\"url\":\"https:\/\/www.burgholz-spielwaren.de\/\",\"logo\":{\"@type\":\"ImageObject\",\"inLanguage\":\"de\",\"@id\":\"https:\/\/www.burgholz-spielwaren.de\/#\/schema\/logo\/image\/\",\"url\":\"http:\/\/www.burgholz-spielwaren.de\/wp-content\/uploads\/2019\/01\/logotop.jpg\",\"contentUrl\":\"http:\/\/www.burgholz-spielwaren.de\/wp-content\/uploads\/2019\/01\/logotop.jpg\",\"width\":309,\"height\":89,\"caption\":\"Burgholz Spiel & Freizeit\"},\"image\":{\"@id\":\"https:\/\/www.burgholz-spielwaren.de\/#\/schema\/logo\/image\/\"}}]}<\/script>\n<!-- \/ Yoast SEO plugin. -->","yoast_head_json":{"title":"Spielwaren, Lederwaren und Reisegep\u00e4ck in Greven","description":"Spielzeugwaren mit 150 Jahren Tradition Bei uns finden Sie hochwertige Lederwaren von aunts&uncles und Reisegep\u00e4ck von RIMOWA, reisenthel","robots":{"index":"index","follow":"follow","max-snippet":"max-snippet:-1","max-image-preview":"max-image-preview:large","max-video-preview":"max-video-preview:-1"},"canonical":"https:\/\/www.burgholz-spielwaren.de\/","og_locale":"de_DE","og_type":"article","og_title":"Spielwaren, Lederwaren und Reisegep\u00e4ck in Greven","og_description":"Spielzeugwaren mit 150 Jahren Tradition Bei uns finden Sie hochwertige Lederwaren von aunts&uncles und Reisegep\u00e4ck von RIMOWA, reisenthel","og_url":"https:\/\/www.burgholz-spielwaren.de\/","og_site_name":"Burgholz","article_modified_time":"2023-04-03T22:15:33+00:00","og_image":[{"url":"https:\/\/www.burgholz-spielwaren.de\/wp-content\/uploads\/2023\/03\/SbS_Onlinebanner_1000x250_Kinderbunte_Leichtigkeit.jpg"}],"twitter_card":"summary_large_image","twitter_misc":{"Gesch\u00e4tzte Lesezeit":"2\u00a0Minuten"},"schema":{"@context":"https:\/\/schema.org","@graph":[{"@type":"WebPage","@id":"https:\/\/www.burgholz-spielwaren.de\/","url":"https:\/\/www.burgholz-spielwaren.de\/","name":"Spielwaren, Lederwaren und Reisegep\u00e4ck in Greven","isPartOf":{"@id":"https:\/\/www.burgholz-spielwaren.de\/#website"},"primaryImageOfPage":{"@id":"https:\/\/www.burgholz-spielwaren.de\/#primaryimage"},"image":{"@id":"https:\/\/www.burgholz-spielwaren.de\/#primaryimage"},"thumbnailUrl":"https:\/\/www.burgholz-spielwaren.de\/wp-content\/uploads\/2023\/03\/SbS_Onlinebanner_1000x250_Kinderbunte_Leichtigkeit.jpg","datePublished":"2016-07-13T10:12:52+00:00","dateModified":"2023-04-03T22:15:33+00:00","description":"Spielzeugwaren mit 150 Jahren Tradition Bei uns finden Sie hochwertige Lederwaren von aunts&uncles und Reisegep\u00e4ck von RIMOWA, reisenthel","breadcrumb":{"@id":"https:\/\/www.burgholz-spielwaren.de\/#breadcrumb"},"inLanguage":"de","potentialAction":[{"@type":"ReadAction","target":["https:\/\/www.burgholz-spielwaren.de\/"]}]},{"@type":"ImageObject","inLanguage":"de","@id":"https:\/\/www.burgholz-spielwaren.de\/#primaryimage","url":"https:\/\/www.burgholz-spielwaren.de\/wp-content\/uploads\/2023\/03\/SbS_Onlinebanner_1000x250_Kinderbunte_Leichtigkeit.jpg","contentUrl":"https:\/\/www.burgholz-spielwaren.de\/wp-content\/uploads\/2023\/03\/SbS_Onlinebanner_1000x250_Kinderbunte_Leichtigkeit.jpg","width":1000,"height":250},{"@type":"BreadcrumbList","@id":"https:\/\/www.burgholz-spielwaren.de\/#breadcrumb","itemListElement":[{"@type":"ListItem","position":1,"name":"Startseite","item":"https:\/\/www.burgholz-spielwaren.de\/"},{"@type":"ListItem","position":2,"name":"Spielwaren, Lederwaren und Reisegep\u00e4ck in Greven"}]},{"@type":"WebSite","@id":"https:\/\/www.burgholz-spielwaren.de\/#website","url":"https:\/\/www.burgholz-spielwaren.de\/","name":"Burgholz Spiel & Freizeit","description":"Spiel- &amp; Freizeit, Lederwaren,","publisher":{"@id":"https:\/\/www.burgholz-spielwaren.de\/#organization"},"potentialAction":[{"@type":"SearchAction","target":{"@type":"EntryPoint","urlTemplate":"https:\/\/www.burgholz-spielwaren.de\/?s={search_term_string}"},"query-input":{"@type":"PropertyValueSpecification","valueRequired":true,"valueName":"search_term_string"}}],"inLanguage":"de"},{"@type":"Organization","@id":"https:\/\/www.burgholz-spielwaren.de\/#organization","name":"Burgholz Spiel & Freizeit","url":"https:\/\/www.burgholz-spielwaren.de\/","logo":{"@type":"ImageObject","inLanguage":"de","@id":"https:\/\/www.burgholz-spielwaren.de\/#\/schema\/logo\/image\/","url":"http:\/\/www.burgholz-spielwaren.de\/wp-content\/uploads\/2019\/01\/logotop.jpg","contentUrl":"http:\/\/www.burgholz-spielwaren.de\/wp-content\/uploads\/2019\/01\/logotop.jpg","width":309,"height":89,"caption":"Burgholz Spiel & Freizeit"},"image":{"@id":"https:\/\/www.burgholz-spielwaren.de\/#\/schema\/logo\/image\/"}}]}},"_links":{"self":[{"href":"https:\/\/www.burgholz-spielwaren.de\/index.php?rest_route=\/wp\/v2\/pages\/37"}],"collection":[{"href":"https:\/\/www.burgholz-spielwaren.de\/index.php?rest_route=\/wp\/v2\/pages"}],"about":[{"href":"https:\/\/www.burgholz-spielwaren.de\/index.php?rest_route=\/wp\/v2\/types\/page"}],"author":[{"embeddable":true,"href":"https:\/\/www.burgholz-spielwaren.de\/index.php?rest_route=\/wp\/v2\/users\/6"}],"replies":[{"embeddable":true,"href":"https:\/\/www.burgholz-spielwaren.de\/index.php?rest_route=%2Fwp%2Fv2%2Fcomments&post=37"}],"version-history":[{"count":54,"href":"https:\/\/www.burgholz-spielwaren.de\/index.php?rest_route=\/wp\/v2\/pages\/37\/revisions"}],"predecessor-version":[{"id":1253,"href":"https:\/\/www.burgholz-spielwaren.de\/index.php?rest_route=\/wp\/v2\/pages\/37\/revisions\/1253"}],"wp:attachment":[{"href":"https:\/\/www.burgholz-spielwaren.de\/index.php?rest_route=%2Fwp%2Fv2%2Fmedia&parent=37"}],"curies":[{"name":"wp","href":"https:\/\/api.w.org\/{rel}","templated":true}]}}