{"id":59,"date":"2016-07-13T13:45:54","date_gmt":"2016-07-13T11:45:54","guid":{"rendered":"http:\/\/localhost:8888\/burgholz\/?page_id=59"},"modified":"2023-03-28T09:54:30","modified_gmt":"2023-03-28T07:54:30","slug":"schule-sport","status":"publish","type":"page","link":"https:\/\/www.burgholz-spielwaren.de\/?page_id=59","title":{"rendered":"Schule &amp; Sport"},"content":{"rendered":"<h1>Schule &amp; Sport<\/h1>\n<p style=\"text-align: justify;\">Wir bieten Ihnen eine gro\u00dfe Auswahl von Rucks\u00e4cken f\u00fcr die Schule, das Studium oder die Reise. Klassiker, wie der EASTPAK\u00a0Rucksack oder Taschen vom deutschen Rucksackpioneer Deuter finden Sie neben neuen Marken wie SATCH.<\/p>\n<p style=\"text-align: justify;\">Lassen Sie sich von unserem geschulten und qualifizierten Personal beraten und finden Sie den perfekten Rucksack.<\/p>\n<p><img decoding=\"async\" src=\"http:\/\/www.burgholz-spielwaren.de\/wp-content\/uploads\/2019\/01\/logos_02-1.jpg\" alt=\"logos_02-1\" \/><\/p>\n","protected":false},"excerpt":{"rendered":"<p>Schule &amp; Sport Wir bieten Ihnen eine gro\u00dfe Auswahl von Rucks\u00e4cken f\u00fcr die Schule, das Studium oder die Reise. Klassiker, wie der EASTPAK\u00a0Rucksack oder Taschen vom deutschen Rucksackpioneer Deuter finden Sie neben neuen Marken wie SATCH. Lassen Sie sich von &hellip;<\/p>\n","protected":false},"author":1,"featured_media":0,"parent":0,"menu_order":0,"comment_status":"closed","ping_status":"closed","template":"","meta":{"footnotes":""},"yoast_head":"<!-- This site is optimized with the Yoast SEO plugin v23.5 - https:\/\/yoast.com\/wordpress\/plugins\/seo\/ -->\n<title>Schule &amp; Sport - Burgholz<\/title>\n<meta name=\"robots\" content=\"index, follow, max-snippet:-1, max-image-preview:large, max-video-preview:-1\" \/>\n<link rel=\"canonical\" href=\"http:\/\/www.burgholz-spielwaren.de\/?page_id=59\" \/>\n<meta property=\"og:locale\" content=\"de_DE\" \/>\n<meta property=\"og:type\" content=\"article\" \/>\n<meta property=\"og:title\" content=\"Schule &amp; Sport - Burgholz\" \/>\n<meta property=\"og:description\" content=\"Schule &amp; Sport Wir bieten Ihnen eine gro\u00dfe Auswahl von Rucks\u00e4cken f\u00fcr die Schule, das Studium oder die Reise. Klassiker, wie der EASTPAK\u00a0Rucksack oder Taschen vom deutschen Rucksackpioneer Deuter finden Sie neben neuen Marken wie SATCH. Lassen Sie sich von &hellip;\" \/>\n<meta property=\"og:url\" content=\"http:\/\/www.burgholz-spielwaren.de\/?page_id=59\" \/>\n<meta property=\"og:site_name\" content=\"Burgholz\" \/>\n<meta property=\"article:modified_time\" content=\"2023-03-28T07:54:30+00:00\" \/>\n<meta property=\"og:image\" content=\"http:\/\/www.burgholz-spielwaren.de\/wp-content\/uploads\/2019\/01\/logos_02-1.jpg\" \/>\n<meta name=\"twitter:card\" content=\"summary_large_image\" \/>\n<meta name=\"twitter:label1\" content=\"Gesch\u00e4tzte Lesezeit\" \/>\n\t<meta name=\"twitter:data1\" content=\"1\u00a0Minute\" \/>\n<script type=\"application\/ld+json\" class=\"yoast-schema-graph\">{\"@context\":\"https:\/\/schema.org\",\"@graph\":[{\"@type\":\"WebPage\",\"@id\":\"http:\/\/www.burgholz-spielwaren.de\/?page_id=59\",\"url\":\"http:\/\/www.burgholz-spielwaren.de\/?page_id=59\",\"name\":\"Schule &amp; Sport - Burgholz\",\"isPartOf\":{\"@id\":\"https:\/\/www.burgholz-spielwaren.de\/#website\"},\"primaryImageOfPage\":{\"@id\":\"http:\/\/www.burgholz-spielwaren.de\/?page_id=59#primaryimage\"},\"image\":{\"@id\":\"http:\/\/www.burgholz-spielwaren.de\/?page_id=59#primaryimage\"},\"thumbnailUrl\":\"http:\/\/www.burgholz-spielwaren.de\/wp-content\/uploads\/2019\/01\/logos_02-1.jpg\",\"datePublished\":\"2016-07-13T11:45:54+00:00\",\"dateModified\":\"2023-03-28T07:54:30+00:00\",\"breadcrumb\":{\"@id\":\"http:\/\/www.burgholz-spielwaren.de\/?page_id=59#breadcrumb\"},\"inLanguage\":\"de\",\"potentialAction\":[{\"@type\":\"ReadAction\",\"target\":[\"http:\/\/www.burgholz-spielwaren.de\/?page_id=59\"]}]},{\"@type\":\"ImageObject\",\"inLanguage\":\"de\",\"@id\":\"http:\/\/www.burgholz-spielwaren.de\/?page_id=59#primaryimage\",\"url\":\"https:\/\/www.burgholz-spielwaren.de\/wp-content\/uploads\/2019\/01\/logos_02-1.jpg\",\"contentUrl\":\"https:\/\/www.burgholz-spielwaren.de\/wp-content\/uploads\/2019\/01\/logos_02-1.jpg\",\"width\":824,\"height\":150},{\"@type\":\"BreadcrumbList\",\"@id\":\"http:\/\/www.burgholz-spielwaren.de\/?page_id=59#breadcrumb\",\"itemListElement\":[{\"@type\":\"ListItem\",\"position\":1,\"name\":\"Startseite\",\"item\":\"https:\/\/www.burgholz-spielwaren.de\/\"},{\"@type\":\"ListItem\",\"position\":2,\"name\":\"Schule &amp; Sport\"}]},{\"@type\":\"WebSite\",\"@id\":\"https:\/\/www.burgholz-spielwaren.de\/#website\",\"url\":\"https:\/\/www.burgholz-spielwaren.de\/\",\"name\":\"Burgholz Spiel & Freizeit\",\"description\":\"Spiel- &amp; Freizeit, Lederwaren,\",\"publisher\":{\"@id\":\"https:\/\/www.burgholz-spielwaren.de\/#organization\"},\"potentialAction\":[{\"@type\":\"SearchAction\",\"target\":{\"@type\":\"EntryPoint\",\"urlTemplate\":\"https:\/\/www.burgholz-spielwaren.de\/?s={search_term_string}\"},\"query-input\":{\"@type\":\"PropertyValueSpecification\",\"valueRequired\":true,\"valueName\":\"search_term_string\"}}],\"inLanguage\":\"de\"},{\"@type\":\"Organization\",\"@id\":\"https:\/\/www.burgholz-spielwaren.de\/#organization\",\"name\":\"Burgholz Spiel & Freizeit\",\"url\":\"https:\/\/www.burgholz-spielwaren.de\/\",\"logo\":{\"@type\":\"ImageObject\",\"inLanguage\":\"de\",\"@id\":\"https:\/\/www.burgholz-spielwaren.de\/#\/schema\/logo\/image\/\",\"url\":\"http:\/\/www.burgholz-spielwaren.de\/wp-content\/uploads\/2019\/01\/logotop.jpg\",\"contentUrl\":\"http:\/\/www.burgholz-spielwaren.de\/wp-content\/uploads\/2019\/01\/logotop.jpg\",\"width\":309,\"height\":89,\"caption\":\"Burgholz Spiel & Freizeit\"},\"image\":{\"@id\":\"https:\/\/www.burgholz-spielwaren.de\/#\/schema\/logo\/image\/\"}}]}<\/script>\n<!-- \/ Yoast SEO plugin. -->","yoast_head_json":{"title":"Schule &amp; Sport - Burgholz","robots":{"index":"index","follow":"follow","max-snippet":"max-snippet:-1","max-image-preview":"max-image-preview:large","max-video-preview":"max-video-preview:-1"},"canonical":"http:\/\/www.burgholz-spielwaren.de\/?page_id=59","og_locale":"de_DE","og_type":"article","og_title":"Schule &amp; Sport - Burgholz","og_description":"Schule &amp; Sport Wir bieten Ihnen eine gro\u00dfe Auswahl von Rucks\u00e4cken f\u00fcr die Schule, das Studium oder die Reise. Klassiker, wie der EASTPAK\u00a0Rucksack oder Taschen vom deutschen Rucksackpioneer Deuter finden Sie neben neuen Marken wie SATCH. Lassen Sie sich von &hellip;","og_url":"http:\/\/www.burgholz-spielwaren.de\/?page_id=59","og_site_name":"Burgholz","article_modified_time":"2023-03-28T07:54:30+00:00","og_image":[{"url":"http:\/\/www.burgholz-spielwaren.de\/wp-content\/uploads\/2019\/01\/logos_02-1.jpg"}],"twitter_card":"summary_large_image","twitter_misc":{"Gesch\u00e4tzte Lesezeit":"1\u00a0Minute"},"schema":{"@context":"https:\/\/schema.org","@graph":[{"@type":"WebPage","@id":"http:\/\/www.burgholz-spielwaren.de\/?page_id=59","url":"http:\/\/www.burgholz-spielwaren.de\/?page_id=59","name":"Schule &amp; Sport - Burgholz","isPartOf":{"@id":"https:\/\/www.burgholz-spielwaren.de\/#website"},"primaryImageOfPage":{"@id":"http:\/\/www.burgholz-spielwaren.de\/?page_id=59#primaryimage"},"image":{"@id":"http:\/\/www.burgholz-spielwaren.de\/?page_id=59#primaryimage"},"thumbnailUrl":"http:\/\/www.burgholz-spielwaren.de\/wp-content\/uploads\/2019\/01\/logos_02-1.jpg","datePublished":"2016-07-13T11:45:54+00:00","dateModified":"2023-03-28T07:54:30+00:00","breadcrumb":{"@id":"http:\/\/www.burgholz-spielwaren.de\/?page_id=59#breadcrumb"},"inLanguage":"de","potentialAction":[{"@type":"ReadAction","target":["http:\/\/www.burgholz-spielwaren.de\/?page_id=59"]}]},{"@type":"ImageObject","inLanguage":"de","@id":"http:\/\/www.burgholz-spielwaren.de\/?page_id=59#primaryimage","url":"https:\/\/www.burgholz-spielwaren.de\/wp-content\/uploads\/2019\/01\/logos_02-1.jpg","contentUrl":"https:\/\/www.burgholz-spielwaren.de\/wp-content\/uploads\/2019\/01\/logos_02-1.jpg","width":824,"height":150},{"@type":"BreadcrumbList","@id":"http:\/\/www.burgholz-spielwaren.de\/?page_id=59#breadcrumb","itemListElement":[{"@type":"ListItem","position":1,"name":"Startseite","item":"https:\/\/www.burgholz-spielwaren.de\/"},{"@type":"ListItem","position":2,"name":"Schule &amp; Sport"}]},{"@type":"WebSite","@id":"https:\/\/www.burgholz-spielwaren.de\/#website","url":"https:\/\/www.burgholz-spielwaren.de\/","name":"Burgholz Spiel & Freizeit","description":"Spiel- &amp; Freizeit, Lederwaren,","publisher":{"@id":"https:\/\/www.burgholz-spielwaren.de\/#organization"},"potentialAction":[{"@type":"SearchAction","target":{"@type":"EntryPoint","urlTemplate":"https:\/\/www.burgholz-spielwaren.de\/?s={search_term_string}"},"query-input":{"@type":"PropertyValueSpecification","valueRequired":true,"valueName":"search_term_string"}}],"inLanguage":"de"},{"@type":"Organization","@id":"https:\/\/www.burgholz-spielwaren.de\/#organization","name":"Burgholz Spiel & Freizeit","url":"https:\/\/www.burgholz-spielwaren.de\/","logo":{"@type":"ImageObject","inLanguage":"de","@id":"https:\/\/www.burgholz-spielwaren.de\/#\/schema\/logo\/image\/","url":"http:\/\/www.burgholz-spielwaren.de\/wp-content\/uploads\/2019\/01\/logotop.jpg","contentUrl":"http:\/\/www.burgholz-spielwaren.de\/wp-content\/uploads\/2019\/01\/logotop.jpg","width":309,"height":89,"caption":"Burgholz Spiel & Freizeit"},"image":{"@id":"https:\/\/www.burgholz-spielwaren.de\/#\/schema\/logo\/image\/"}}]}},"_links":{"self":[{"href":"https:\/\/www.burgholz-spielwaren.de\/index.php?rest_route=\/wp\/v2\/pages\/59"}],"collection":[{"href":"https:\/\/www.burgholz-spielwaren.de\/index.php?rest_route=\/wp\/v2\/pages"}],"about":[{"href":"https:\/\/www.burgholz-spielwaren.de\/index.php?rest_route=\/wp\/v2\/types\/page"}],"author":[{"embeddable":true,"href":"https:\/\/www.burgholz-spielwaren.de\/index.php?rest_route=\/wp\/v2\/users\/1"}],"replies":[{"embeddable":true,"href":"https:\/\/www.burgholz-spielwaren.de\/index.php?rest_route=%2Fwp%2Fv2%2Fcomments&post=59"}],"version-history":[{"count":4,"href":"https:\/\/www.burgholz-spielwaren.de\/index.php?rest_route=\/wp\/v2\/pages\/59\/revisions"}],"predecessor-version":[{"id":1246,"href":"https:\/\/www.burgholz-spielwaren.de\/index.php?rest_route=\/wp\/v2\/pages\/59\/revisions\/1246"}],"wp:attachment":[{"href":"https:\/\/www.burgholz-spielwaren.de\/index.php?rest_route=%2Fwp%2Fv2%2Fmedia&parent=59"}],"curies":[{"name":"wp","href":"https:\/\/api.w.org\/{rel}","templated":true}]}}