{"id":98,"date":"2016-07-14T01:40:19","date_gmt":"2016-07-13T23:40:19","guid":{"rendered":"http:\/\/localhost:8888\/burgholz\/?page_id=98"},"modified":"2019-12-20T15:04:48","modified_gmt":"2019-12-20T14:04:48","slug":"reisegepaeck-und-koffer-kaufen-in-greven","status":"publish","type":"page","link":"https:\/\/www.burgholz-spielwaren.de\/?page_id=98","title":{"rendered":"Reisegep\u00e4ck und Koffer kaufen in Greven"},"content":{"rendered":"<h1>Reisegep\u00e4ck f\u00fcr jede Reise<\/h1>\n<p>Wenn Sie das n\u00e4chste Mal auf Reisen gehen kommen Sie doch vorher bei uns vorbei. Mit unseren Koffern und Reisetaschen sind Sie bestens ausger\u00fcstet f\u00fcr den n\u00e4chsten Flug.<\/p>\n<p>Unser Sortiment umfasst Reisegep\u00e4ck von verschiedenen Herstellern und Preislagen.\u00a0<\/p>\n<p>Wir bieten Ihnen folgenden Service:<\/p>\n<ul>\n<li>qualifizierte und kompetente Beratung<\/li>\n<li>Reparaturservice<\/li>\n<li>Begutachtung von Transportsch\u00e4den<\/li>\n<li>Reklamationsabwicklung<\/li>\n<\/ul>\n","protected":false},"excerpt":{"rendered":"<p>Reisegep\u00e4ck f\u00fcr jede Reise Wenn Sie das n\u00e4chste Mal auf Reisen gehen kommen Sie doch vorher bei uns vorbei. Mit unseren Koffern und Reisetaschen sind Sie bestens ausger\u00fcstet f\u00fcr den n\u00e4chsten Flug. Unser Sortiment umfasst Reisegep\u00e4ck von verschiedenen Herstellern und &hellip;<\/p>\n","protected":false},"author":1,"featured_media":0,"parent":0,"menu_order":0,"comment_status":"closed","ping_status":"closed","template":"","meta":{"footnotes":""},"yoast_head":"<!-- This site is optimized with the Yoast SEO plugin v23.5 - https:\/\/yoast.com\/wordpress\/plugins\/seo\/ -->\n<title>Reisegep\u00e4ck und Koffer kaufen in Greven - Burgholz<\/title>\n<meta name=\"robots\" content=\"index, follow, max-snippet:-1, max-image-preview:large, max-video-preview:-1\" \/>\n<link rel=\"canonical\" href=\"http:\/\/www.burgholz-spielwaren.de\/?page_id=98\" \/>\n<meta property=\"og:locale\" content=\"de_DE\" \/>\n<meta property=\"og:type\" content=\"article\" \/>\n<meta property=\"og:title\" content=\"Reisegep\u00e4ck und Koffer kaufen in Greven - Burgholz\" \/>\n<meta property=\"og:description\" content=\"Reisegep\u00e4ck f\u00fcr jede Reise Wenn Sie das n\u00e4chste Mal auf Reisen gehen kommen Sie doch vorher bei uns vorbei. Mit unseren Koffern und Reisetaschen sind Sie bestens ausger\u00fcstet f\u00fcr den n\u00e4chsten Flug. Unser Sortiment umfasst Reisegep\u00e4ck von verschiedenen Herstellern und &hellip;\" \/>\n<meta property=\"og:url\" content=\"http:\/\/www.burgholz-spielwaren.de\/?page_id=98\" \/>\n<meta property=\"og:site_name\" content=\"Burgholz\" \/>\n<meta property=\"article:modified_time\" content=\"2019-12-20T14:04:48+00:00\" \/>\n<meta name=\"twitter:card\" content=\"summary_large_image\" \/>\n<script type=\"application\/ld+json\" class=\"yoast-schema-graph\">{\"@context\":\"https:\/\/schema.org\",\"@graph\":[{\"@type\":\"WebPage\",\"@id\":\"http:\/\/www.burgholz-spielwaren.de\/?page_id=98\",\"url\":\"http:\/\/www.burgholz-spielwaren.de\/?page_id=98\",\"name\":\"Reisegep\u00e4ck und Koffer kaufen in Greven - Burgholz\",\"isPartOf\":{\"@id\":\"https:\/\/www.burgholz-spielwaren.de\/#website\"},\"datePublished\":\"2016-07-13T23:40:19+00:00\",\"dateModified\":\"2019-12-20T14:04:48+00:00\",\"breadcrumb\":{\"@id\":\"http:\/\/www.burgholz-spielwaren.de\/?page_id=98#breadcrumb\"},\"inLanguage\":\"de\",\"potentialAction\":[{\"@type\":\"ReadAction\",\"target\":[\"http:\/\/www.burgholz-spielwaren.de\/?page_id=98\"]}]},{\"@type\":\"BreadcrumbList\",\"@id\":\"http:\/\/www.burgholz-spielwaren.de\/?page_id=98#breadcrumb\",\"itemListElement\":[{\"@type\":\"ListItem\",\"position\":1,\"name\":\"Startseite\",\"item\":\"https:\/\/www.burgholz-spielwaren.de\/\"},{\"@type\":\"ListItem\",\"position\":2,\"name\":\"Reisegep\u00e4ck und Koffer kaufen in Greven\"}]},{\"@type\":\"WebSite\",\"@id\":\"https:\/\/www.burgholz-spielwaren.de\/#website\",\"url\":\"https:\/\/www.burgholz-spielwaren.de\/\",\"name\":\"Burgholz Spiel & Freizeit\",\"description\":\"Spiel- &amp; Freizeit, Lederwaren,\",\"publisher\":{\"@id\":\"https:\/\/www.burgholz-spielwaren.de\/#organization\"},\"potentialAction\":[{\"@type\":\"SearchAction\",\"target\":{\"@type\":\"EntryPoint\",\"urlTemplate\":\"https:\/\/www.burgholz-spielwaren.de\/?s={search_term_string}\"},\"query-input\":{\"@type\":\"PropertyValueSpecification\",\"valueRequired\":true,\"valueName\":\"search_term_string\"}}],\"inLanguage\":\"de\"},{\"@type\":\"Organization\",\"@id\":\"https:\/\/www.burgholz-spielwaren.de\/#organization\",\"name\":\"Burgholz Spiel & Freizeit\",\"url\":\"https:\/\/www.burgholz-spielwaren.de\/\",\"logo\":{\"@type\":\"ImageObject\",\"inLanguage\":\"de\",\"@id\":\"https:\/\/www.burgholz-spielwaren.de\/#\/schema\/logo\/image\/\",\"url\":\"http:\/\/www.burgholz-spielwaren.de\/wp-content\/uploads\/2019\/01\/logotop.jpg\",\"contentUrl\":\"http:\/\/www.burgholz-spielwaren.de\/wp-content\/uploads\/2019\/01\/logotop.jpg\",\"width\":309,\"height\":89,\"caption\":\"Burgholz Spiel & Freizeit\"},\"image\":{\"@id\":\"https:\/\/www.burgholz-spielwaren.de\/#\/schema\/logo\/image\/\"}}]}<\/script>\n<!-- \/ Yoast SEO plugin. -->","yoast_head_json":{"title":"Reisegep\u00e4ck und Koffer kaufen in Greven - Burgholz","robots":{"index":"index","follow":"follow","max-snippet":"max-snippet:-1","max-image-preview":"max-image-preview:large","max-video-preview":"max-video-preview:-1"},"canonical":"http:\/\/www.burgholz-spielwaren.de\/?page_id=98","og_locale":"de_DE","og_type":"article","og_title":"Reisegep\u00e4ck und Koffer kaufen in Greven - Burgholz","og_description":"Reisegep\u00e4ck f\u00fcr jede Reise Wenn Sie das n\u00e4chste Mal auf Reisen gehen kommen Sie doch vorher bei uns vorbei. Mit unseren Koffern und Reisetaschen sind Sie bestens ausger\u00fcstet f\u00fcr den n\u00e4chsten Flug. Unser Sortiment umfasst Reisegep\u00e4ck von verschiedenen Herstellern und &hellip;","og_url":"http:\/\/www.burgholz-spielwaren.de\/?page_id=98","og_site_name":"Burgholz","article_modified_time":"2019-12-20T14:04:48+00:00","twitter_card":"summary_large_image","schema":{"@context":"https:\/\/schema.org","@graph":[{"@type":"WebPage","@id":"http:\/\/www.burgholz-spielwaren.de\/?page_id=98","url":"http:\/\/www.burgholz-spielwaren.de\/?page_id=98","name":"Reisegep\u00e4ck und Koffer kaufen in Greven - Burgholz","isPartOf":{"@id":"https:\/\/www.burgholz-spielwaren.de\/#website"},"datePublished":"2016-07-13T23:40:19+00:00","dateModified":"2019-12-20T14:04:48+00:00","breadcrumb":{"@id":"http:\/\/www.burgholz-spielwaren.de\/?page_id=98#breadcrumb"},"inLanguage":"de","potentialAction":[{"@type":"ReadAction","target":["http:\/\/www.burgholz-spielwaren.de\/?page_id=98"]}]},{"@type":"BreadcrumbList","@id":"http:\/\/www.burgholz-spielwaren.de\/?page_id=98#breadcrumb","itemListElement":[{"@type":"ListItem","position":1,"name":"Startseite","item":"https:\/\/www.burgholz-spielwaren.de\/"},{"@type":"ListItem","position":2,"name":"Reisegep\u00e4ck und Koffer kaufen in Greven"}]},{"@type":"WebSite","@id":"https:\/\/www.burgholz-spielwaren.de\/#website","url":"https:\/\/www.burgholz-spielwaren.de\/","name":"Burgholz Spiel & Freizeit","description":"Spiel- &amp; Freizeit, Lederwaren,","publisher":{"@id":"https:\/\/www.burgholz-spielwaren.de\/#organization"},"potentialAction":[{"@type":"SearchAction","target":{"@type":"EntryPoint","urlTemplate":"https:\/\/www.burgholz-spielwaren.de\/?s={search_term_string}"},"query-input":{"@type":"PropertyValueSpecification","valueRequired":true,"valueName":"search_term_string"}}],"inLanguage":"de"},{"@type":"Organization","@id":"https:\/\/www.burgholz-spielwaren.de\/#organization","name":"Burgholz Spiel & Freizeit","url":"https:\/\/www.burgholz-spielwaren.de\/","logo":{"@type":"ImageObject","inLanguage":"de","@id":"https:\/\/www.burgholz-spielwaren.de\/#\/schema\/logo\/image\/","url":"http:\/\/www.burgholz-spielwaren.de\/wp-content\/uploads\/2019\/01\/logotop.jpg","contentUrl":"http:\/\/www.burgholz-spielwaren.de\/wp-content\/uploads\/2019\/01\/logotop.jpg","width":309,"height":89,"caption":"Burgholz Spiel & Freizeit"},"image":{"@id":"https:\/\/www.burgholz-spielwaren.de\/#\/schema\/logo\/image\/"}}]}},"_links":{"self":[{"href":"https:\/\/www.burgholz-spielwaren.de\/index.php?rest_route=\/wp\/v2\/pages\/98"}],"collection":[{"href":"https:\/\/www.burgholz-spielwaren.de\/index.php?rest_route=\/wp\/v2\/pages"}],"about":[{"href":"https:\/\/www.burgholz-spielwaren.de\/index.php?rest_route=\/wp\/v2\/types\/page"}],"author":[{"embeddable":true,"href":"https:\/\/www.burgholz-spielwaren.de\/index.php?rest_route=\/wp\/v2\/users\/1"}],"replies":[{"embeddable":true,"href":"https:\/\/www.burgholz-spielwaren.de\/index.php?rest_route=%2Fwp%2Fv2%2Fcomments&post=98"}],"version-history":[{"count":5,"href":"https:\/\/www.burgholz-spielwaren.de\/index.php?rest_route=\/wp\/v2\/pages\/98\/revisions"}],"predecessor-version":[{"id":1066,"href":"https:\/\/www.burgholz-spielwaren.de\/index.php?rest_route=\/wp\/v2\/pages\/98\/revisions\/1066"}],"wp:attachment":[{"href":"https:\/\/www.burgholz-spielwaren.de\/index.php?rest_route=%2Fwp%2Fv2%2Fmedia&parent=98"}],"curies":[{"name":"wp","href":"https:\/\/api.w.org\/{rel}","templated":true}]}}